{"id":1539,"date":"2026-02-23T19:35:16","date_gmt":"2026-02-23T18:35:16","guid":{"rendered":"https:\/\/morphorestaurant.com\/?page_id=1539"},"modified":"2026-04-14T12:56:23","modified_gmt":"2026-04-14T11:56:23","slug":"cenas-privadas-en-marbella","status":"publish","type":"page","link":"https:\/\/morphorestaurant.com\/es\/cenas-privadas-en-marbella\/","title":{"rendered":"Grupos y Eventos Privados"},"content":{"rendered":"\t\t<div data-elementor-type=\"wp-page\" data-elementor-id=\"1539\" class=\"elementor elementor-1539 elementor-1538\" data-elementor-post-type=\"page\">\n\t\t\t\t<div class=\"elementor-element elementor-element-40c1f18 e-flex e-con-boxed e-con e-parent\" data-id=\"40c1f18\" data-element_type=\"container\" data-e-type=\"container\" data-settings=\"{&quot;background_background&quot;:&quot;classic&quot;}\">\n\t\t\t\t\t<div class=\"e-con-inner\">\n\t\t<div class=\"elementor-element elementor-element-f26e150 e-con-full e-flex e-con e-child\" data-id=\"f26e150\" data-element_type=\"container\" data-e-type=\"container\">\n\t\t\t\t<div class=\"elementor-element elementor-element-ae17823 elementor-widget elementor-widget-heading\" data-id=\"ae17823\" data-element_type=\"widget\" data-e-type=\"widget\" data-widget_type=\"heading.default\">\n\t\t\t\t\t<h1 class=\"elementor-heading-title elementor-size-default\">cenasprivadas en Marbella<\/h1>\t\t\t\t<\/div>\n\t\t\t\t<div class=\"elementor-element elementor-element-fd0a7b4 elementor-widget elementor-widget-heading\" data-id=\"fd0a7b4\" data-element_type=\"widget\" data-e-type=\"widget\" data-widget_type=\"heading.default\">\n\t\t\t\t\t<h2 class=\"elementor-heading-title elementor-size-default\">Cenas Privadas <\/br>y Eventos Especiales<\/h2>\t\t\t\t<\/div>\n\t\t\t\t<div class=\"elementor-element elementor-element-1bf1109 elementor-widget elementor-widget-text-editor\" data-id=\"1bf1109\" data-element_type=\"widget\" data-e-type=\"widget\" data-widget_type=\"text-editor.default\">\n\t\t\t\t\t\t\t\t\t<p data-start=\"904\" data-end=\"1052\">Ya sea para celebrar un cumplea\u00f1os, un aniversario o una cena corporativa, MORPHO ofrece un entorno \u00edntimo y refinado para disfrutar de una cena privada en Marbella, adaptada a cada ocasi\u00f3n.<\/p>\t\t\t\t\t\t\t\t<\/div>\n\t\t\t\t<div class=\"elementor-element elementor-element-aeced29 elementor-widget-divider--view-line elementor-widget elementor-widget-divider\" data-id=\"aeced29\" data-element_type=\"widget\" data-e-type=\"widget\" data-widget_type=\"divider.default\">\n\t\t\t\t\t\t\t<div class=\"elementor-divider\">\n\t\t\t<span class=\"elementor-divider-separator\">\n\t\t\t\t\t\t<\/span>\n\t\t<\/div>\n\t\t\t\t\t\t<\/div>\n\t\t\t\t<div class=\"elementor-element elementor-element-4e8025f elementor-align-center elementor-icon-list--layout-traditional elementor-list-item-link-full_width elementor-widget elementor-widget-icon-list\" data-id=\"4e8025f\" data-element_type=\"widget\" data-e-type=\"widget\" data-widget_type=\"icon-list.default\">\n\t\t\t\t\t\t\t<ul class=\"elementor-icon-list-items\">\n\t\t\t\t\t\t\t<li class=\"elementor-icon-list-item\">\n\t\t\t\t\t\t\t\t\t\t\t<a href=\"#aboutus\">\n\n\t\t\t\t\t\t\t\t\t\t\t\t<span class=\"elementor-icon-list-icon\">\n\t\t\t\t\t\t\t<svg xmlns=\"http:\/\/www.w3.org\/2000\/svg\" xmlns:xlink=\"http:\/\/www.w3.org\/1999\/xlink\" xmlns:serif=\"http:\/\/www.serif.com\/\" width=\"100%\" height=\"100%\" viewBox=\"0 0 24 24\" xml:space=\"preserve\" style=\"fill-rule:evenodd;clip-rule:evenodd;stroke-linejoin:round;stroke-miterlimit:2;\"><path d=\"M12,8c-0.549,0 -1,0.451 -1,1l0,2c0,0.549 0.451,1 1,1c0.549,0 1,-0.451 1,-1l0,-2c0,-0.549 -0.451,-1 -1,-1Zm0,-4c-3.84,0 -7,3.16 -7,7l0,6c0,3.84 3.16,7 7,7c3.84,0 7,-3.16 7,-7l0,-6c0,-3.84 -3.16,-7 -7,-7Zm5,13c0,2.743 -2.257,5 -5,5c-2.743,0 -5,-2.257 -5,-5l0,-6c0,-2.743 2.257,-5 5,-5c2.743,0 5,2.257 5,5l0,6Z\" style=\"fill-rule:nonzero;\"><\/path><\/svg>\t\t\t\t\t\t<\/span>\n\t\t\t\t\t\t\t\t\t\t<span class=\"elementor-icon-list-text\">Desplazarse hacia abajo<\/span>\n\t\t\t\t\t\t\t\t\t\t\t<\/a>\n\t\t\t\t\t\t\t\t\t<\/li>\n\t\t\t\t\t\t<\/ul>\n\t\t\t\t\t\t<\/div>\n\t\t\t\t<\/div>\n\t\t\t\t\t<\/div>\n\t\t\t\t<\/div>\n\t\t<div class=\"elementor-element elementor-element-380ee1e e-flex e-con-boxed e-con e-parent\" data-id=\"380ee1e\" data-element_type=\"container\" data-e-type=\"container\">\n\t\t\t\t\t<div class=\"e-con-inner\">\n\t\t\t\t<div class=\"elementor-element elementor-element-9656389 elementor-widget elementor-widget-heading\" data-id=\"9656389\" data-element_type=\"widget\" data-e-type=\"widget\" data-widget_type=\"heading.default\">\n\t\t\t\t\t<h2 class=\"elementor-heading-title elementor-size-default\">Cenas privadas en Marbella en MORPHO<\/h2>\t\t\t\t<\/div>\n\t\t\t\t<div class=\"elementor-element elementor-element-5140457 elementor-widget elementor-widget-heading\" data-id=\"5140457\" data-element_type=\"widget\" data-e-type=\"widget\" data-widget_type=\"heading.default\">\n\t\t\t\t\t<h4 class=\"elementor-heading-title elementor-size-default\">REUNIONES \u00cdNTIMAS<\/h4>\t\t\t\t<\/div>\n\t\t\t\t<div class=\"elementor-element elementor-element-7f8f5f4 elementor-widget elementor-widget-text-editor\" data-id=\"7f8f5f4\" data-element_type=\"widget\" data-e-type=\"widget\" data-widget_type=\"text-editor.default\">\n\t\t\t\t\t\t\t\t\t<p>En MORPHO, la cena privada es mucho m\u00e1s que una reserva: es una experiencia cuidadosamente dise\u00f1ada.<br data-start=\"928\" data-end=\"931\">Ya sea para celebrar un cumplea\u00f1os, un aniversario o una cena corporativa, MORPHO ofrece un entorno \u00edntimo y refinado para disfrutar de una cena privada en Marbella, donde cada detalle est\u00e1 pensado para adaptarse a tu ocasi\u00f3n.<\/p><div id=\"DD2ED9FA_D491_7AE4_7E9B_30683D2DC976\"> <\/div>\t\t\t\t\t\t\t\t<\/div>\n\t\t\t\t<div class=\"elementor-element elementor-element-49680fd elementor-align-center elementor-widget elementor-widget-button\" data-id=\"49680fd\" data-element_type=\"widget\" data-e-type=\"widget\" data-widget_type=\"button.default\">\n\t\t\t\t\t\t\t\t\t\t<a class=\"elementor-button elementor-button-link elementor-size-sm\" href=\"https:\/\/morphorestaurant.com\/contact\/\">\n\t\t\t\t\t\t<span class=\"elementor-button-content-wrapper\">\n\t\t\t\t\t\t\t\t\t<span class=\"elementor-button-text\">Consulte sobre su Evento<\/span>\n\t\t\t\t\t<\/span>\n\t\t\t\t\t<\/a>\n\t\t\t\t\t\t\t\t<\/div>\n\t\t\t\t\t<\/div>\n\t\t\t\t<\/div>\n\t\t<div class=\"elementor-element elementor-element-faaab01 e-flex e-con-boxed e-con e-parent\" data-id=\"faaab01\" data-element_type=\"container\" data-e-type=\"container\">\n\t\t\t\t\t<div class=\"e-con-inner\">\n\t\t<div class=\"elementor-element elementor-element-880db35 e-con-full e-flex e-con e-child\" data-id=\"880db35\" data-element_type=\"container\" data-e-type=\"container\">\n\t\t\t\t<div class=\"elementor-element elementor-element-433277c elementor-widget elementor-widget-image\" data-id=\"433277c\" data-element_type=\"widget\" data-e-type=\"widget\" data-widget_type=\"image.default\">\n\t\t\t\t\t\t\t\t\t\t\t\t\t\t\t<img fetchpriority=\"high\" decoding=\"async\" width=\"1024\" height=\"683\" src=\"https:\/\/morphorestaurant.com\/wp-content\/uploads\/2026\/03\/fotos-web-morpho-4-1024x683.png\" class=\"attachment-large size-large wp-image-1804\" alt=\"CENAS PRIVADAS EN MARBELLA\" srcset=\"https:\/\/morphorestaurant.com\/wp-content\/uploads\/2026\/03\/fotos-web-morpho-4-1024x683.png 1024w, https:\/\/morphorestaurant.com\/wp-content\/uploads\/2026\/03\/fotos-web-morpho-4-300x200.png 300w, https:\/\/morphorestaurant.com\/wp-content\/uploads\/2026\/03\/fotos-web-morpho-4-768x512.png 768w, https:\/\/morphorestaurant.com\/wp-content\/uploads\/2026\/03\/fotos-web-morpho-4-1536x1024.png 1536w, https:\/\/morphorestaurant.com\/wp-content\/uploads\/2026\/03\/fotos-web-morpho-4.png 1920w\" sizes=\"(max-width: 1024px) 100vw, 1024px\" \/>\t\t\t\t\t\t\t\t\t\t\t\t\t\t\t<\/div>\n\t\t\t\t<\/div>\n\t\t<div class=\"elementor-element elementor-element-7175fc3 e-con-full e-flex e-con e-child\" data-id=\"7175fc3\" data-element_type=\"container\" data-e-type=\"container\">\n\t\t\t\t<div class=\"elementor-element elementor-element-6badc88 elementor-widget elementor-widget-heading\" data-id=\"6badc88\" data-element_type=\"widget\" data-e-type=\"widget\" data-widget_type=\"heading.default\">\n\t\t\t\t\t<h3 class=\"elementor-heading-title elementor-size-default\">AMBIENTE \u00cdNTIMO<\/h3>\t\t\t\t<\/div>\n\t\t\t\t<div class=\"elementor-element elementor-element-87bcdf3 elementor-widget elementor-widget-text-editor\" data-id=\"87bcdf3\" data-element_type=\"widget\" data-e-type=\"widget\" data-widget_type=\"text-editor.default\">\n\t\t\t\t\t\t\t\t\t<p data-start=\"1385\" data-end=\"1533\">Nuestro espacio, ubicado en el coraz\u00f3n de Marbella, ofrece el entorno perfecto para disfrutar de una cena privada en Marbella, creando una atm\u00f3sfera \u00edntima para encuentros especiales donde cada detalle se cuida al m\u00e1ximo.<\/p>\t\t\t\t\t\t\t\t<\/div>\n\t\t\t\t<\/div>\n\t\t<div class=\"elementor-element elementor-element-32b947e e-con-full e-flex e-con e-child\" data-id=\"32b947e\" data-element_type=\"container\" data-e-type=\"container\">\n\t\t\t\t<div class=\"elementor-element elementor-element-120dfe8 elementor-widget elementor-widget-heading\" data-id=\"120dfe8\" data-element_type=\"widget\" data-e-type=\"widget\" data-widget_type=\"heading.default\">\n\t\t\t\t\t<h3 class=\"elementor-heading-title elementor-size-default\">MEN\u00daS PERSONALIZADOS<\/h3>\t\t\t\t<\/div>\n\t\t\t\t<div class=\"elementor-element elementor-element-ef2fc78 elementor-widget elementor-widget-text-editor\" data-id=\"ef2fc78\" data-element_type=\"widget\" data-e-type=\"widget\" data-widget_type=\"text-editor.default\">\n\t\t\t\t\t\t\t\t\t<p data-start=\"1680\" data-end=\"1816\">Para nuestros eventos privados, nuestra cocina puede adaptarse a las preferencias de su grupo, siempre guiada por ingredientes de temporada y una t\u00e9cnica refinada.<\/p><div id=\"DD2ED9FA_D491_7AE4_7E9B_30683D2DC976\"> <\/div>\t\t\t\t\t\t\t\t<\/div>\n\t\t\t\t<\/div>\n\t\t<div class=\"elementor-element elementor-element-ff7630d e-con-full e-flex e-con e-child\" data-id=\"ff7630d\" data-element_type=\"container\" data-e-type=\"container\">\n\t\t\t\t<div class=\"elementor-element elementor-element-57cfc9e elementor-widget elementor-widget-image\" data-id=\"57cfc9e\" data-element_type=\"widget\" data-e-type=\"widget\" data-widget_type=\"image.default\">\n\t\t\t\t\t\t\t\t\t\t\t\t\t\t\t<img decoding=\"async\" width=\"1024\" height=\"683\" src=\"https:\/\/morphorestaurant.com\/wp-content\/uploads\/2026\/03\/fotos-web-morpho-5-1024x683.png\" class=\"attachment-large size-large wp-image-1805\" alt=\"CENAS PRIVADAS EN MARBELLA\" srcset=\"https:\/\/morphorestaurant.com\/wp-content\/uploads\/2026\/03\/fotos-web-morpho-5-1024x683.png 1024w, https:\/\/morphorestaurant.com\/wp-content\/uploads\/2026\/03\/fotos-web-morpho-5-300x200.png 300w, https:\/\/morphorestaurant.com\/wp-content\/uploads\/2026\/03\/fotos-web-morpho-5-768x512.png 768w, https:\/\/morphorestaurant.com\/wp-content\/uploads\/2026\/03\/fotos-web-morpho-5-1536x1024.png 1536w, https:\/\/morphorestaurant.com\/wp-content\/uploads\/2026\/03\/fotos-web-morpho-5.png 1920w\" sizes=\"(max-width: 1024px) 100vw, 1024px\" \/>\t\t\t\t\t\t\t\t\t\t\t\t\t\t\t<\/div>\n\t\t\t\t<\/div>\n\t\t<div class=\"elementor-element elementor-element-9d44eb4 e-con-full e-flex e-con e-child\" data-id=\"9d44eb4\" data-element_type=\"container\" data-e-type=\"container\">\n\t\t\t\t<div class=\"elementor-element elementor-element-2b37e84 elementor-widget elementor-widget-image\" data-id=\"2b37e84\" data-element_type=\"widget\" data-e-type=\"widget\" data-widget_type=\"image.default\">\n\t\t\t\t\t\t\t\t\t\t\t\t\t\t\t<img decoding=\"async\" width=\"1024\" height=\"683\" src=\"https:\/\/morphorestaurant.com\/wp-content\/uploads\/2026\/03\/fotos-web-morpho-3-1024x683.png\" class=\"attachment-large size-large wp-image-1806\" alt=\"CENAS PRIVADAS EN MARBELLA\" srcset=\"https:\/\/morphorestaurant.com\/wp-content\/uploads\/2026\/03\/fotos-web-morpho-3-1024x683.png 1024w, https:\/\/morphorestaurant.com\/wp-content\/uploads\/2026\/03\/fotos-web-morpho-3-300x200.png 300w, https:\/\/morphorestaurant.com\/wp-content\/uploads\/2026\/03\/fotos-web-morpho-3-768x512.png 768w, https:\/\/morphorestaurant.com\/wp-content\/uploads\/2026\/03\/fotos-web-morpho-3-1536x1024.png 1536w, https:\/\/morphorestaurant.com\/wp-content\/uploads\/2026\/03\/fotos-web-morpho-3.png 1920w\" sizes=\"(max-width: 1024px) 100vw, 1024px\" \/>\t\t\t\t\t\t\t\t\t\t\t\t\t\t\t<\/div>\n\t\t\t\t<\/div>\n\t\t<div class=\"elementor-element elementor-element-99d7b65 e-con-full e-flex e-con e-child\" data-id=\"99d7b65\" data-element_type=\"container\" data-e-type=\"container\">\n\t\t\t\t<div class=\"elementor-element elementor-element-78d7f6b elementor-widget elementor-widget-heading\" data-id=\"78d7f6b\" data-element_type=\"widget\" data-e-type=\"widget\" data-widget_type=\"heading.default\">\n\t\t\t\t\t<h3 class=\"elementor-heading-title elementor-size-default\">COORDINACI\u00d3N DEDICADA<\/h3>\t\t\t\t<\/div>\n\t\t\t\t<div class=\"elementor-element elementor-element-bb8ffe4 elementor-widget elementor-widget-text-editor\" data-id=\"bb8ffe4\" data-element_type=\"widget\" data-e-type=\"widget\" data-widget_type=\"text-editor.default\">\n\t\t\t\t\t\t\t\t\t<p data-start=\"1680\" data-end=\"1816\">Desde la consulta inicial hasta el \u00faltimo plato, nuestro equipo trabaja estrechamente con usted para garantizar una experiencia impecable y memorable.<\/p><div id=\"DD2ED9FA_D491_7AE4_7E9B_30683D2DC976\"> <\/div>\t\t\t\t\t\t\t\t<\/div>\n\t\t\t\t<\/div>\n\t\t\t\t\t<\/div>\n\t\t\t\t<\/div>\n\t\t<div class=\"elementor-element elementor-element-2f37a9f e-flex e-con-boxed e-con e-parent\" data-id=\"2f37a9f\" data-element_type=\"container\" data-e-type=\"container\" id=\"menu\" data-settings=\"{&quot;background_background&quot;:&quot;classic&quot;}\">\n\t\t\t\t\t<div class=\"e-con-inner\">\n\t\t<div class=\"elementor-element elementor-element-87a1b38 e-con-full e-flex e-con e-child\" data-id=\"87a1b38\" data-element_type=\"container\" data-e-type=\"container\">\n\t\t\t\t<div class=\"elementor-element elementor-element-a658761 elementor-widget elementor-widget-heading\" data-id=\"a658761\" data-element_type=\"widget\" data-e-type=\"widget\" data-widget_type=\"heading.default\">\n\t\t\t\t\t<h2 class=\"elementor-heading-title elementor-size-default\">EVENTOS PRIVADOS EN MARBELLA<\/h2>\t\t\t\t<\/div>\n\t\t<div class=\"elementor-element elementor-element-945aa8c e-flex e-con-boxed e-con e-child\" data-id=\"945aa8c\" data-element_type=\"container\" data-e-type=\"container\">\n\t\t\t\t\t<div class=\"e-con-inner\">\n\t\t\t\t<div class=\"elementor-element elementor-element-9bd022d elementor-widget__width-initial elementor-widget-tablet__width-initial elementor-widget-mobile__width-inherit elementor-hidden-phone elementor-widget-divider--view-line elementor-widget elementor-widget-divider\" data-id=\"9bd022d\" data-element_type=\"widget\" data-e-type=\"widget\" data-widget_type=\"divider.default\">\n\t\t\t\t\t\t\t<div class=\"elementor-divider\">\n\t\t\t<span class=\"elementor-divider-separator\">\n\t\t\t\t\t\t<\/span>\n\t\t<\/div>\n\t\t\t\t\t\t<\/div>\n\t\t\t\t<div class=\"elementor-element elementor-element-156ee61 elementor-widget__width-initial elementor-widget-tablet__width-initial elementor-widget-mobile__width-inherit elementor-widget elementor-widget-heading\" data-id=\"156ee61\" data-element_type=\"widget\" data-e-type=\"widget\" data-widget_type=\"heading.default\">\n\t\t\t\t\t<h3 class=\"elementor-heading-title elementor-size-default\">Planifique.<br>Celebre.<br>Re\u00fanase.<\/h3>\t\t\t\t<\/div>\n\t\t\t\t<div class=\"elementor-element elementor-element-d7af060 elementor-widget__width-initial elementor-widget-tablet__width-initial elementor-widget-mobile__width-inherit elementor-hidden-phone elementor-widget-divider--view-line elementor-widget elementor-widget-divider\" data-id=\"d7af060\" data-element_type=\"widget\" data-e-type=\"widget\" data-widget_type=\"divider.default\">\n\t\t\t\t\t\t\t<div class=\"elementor-divider\">\n\t\t\t<span class=\"elementor-divider-separator\">\n\t\t\t\t\t\t<\/span>\n\t\t<\/div>\n\t\t\t\t\t\t<\/div>\n\t\t\t\t<div class=\"elementor-element elementor-element-f8aebe9 elementor-widget elementor-widget-text-editor\" data-id=\"f8aebe9\" data-element_type=\"widget\" data-e-type=\"widget\" data-widget_type=\"text-editor.default\">\n\t\t\t\t\t\t\t\t\t<p>D\u00e9janos crear una experiencia de cena privada en Marbella adaptada a tu ocasi\u00f3n, donde cada detalle se define por la estacionalidad, la precisi\u00f3n y una elegancia discreta.<\/p>\t\t\t\t\t\t\t\t<\/div>\n\t\t\t\t<div class=\"elementor-element elementor-element-4852fd3 elementor-align-center elementor-widget__width-inherit elementor-widget-tablet__width-initial elementor-widget-mobile__width-inherit elementor-widget elementor-widget-button\" data-id=\"4852fd3\" data-element_type=\"widget\" data-e-type=\"widget\" data-widget_type=\"button.default\">\n\t\t\t\t\t\t\t\t\t\t<a class=\"elementor-button elementor-button-link elementor-size-sm\" href=\"https:\/\/morphorestaurant.com\/contact\/\">\n\t\t\t\t\t\t<span class=\"elementor-button-content-wrapper\">\n\t\t\t\t\t\t\t\t\t<span class=\"elementor-button-text\">Consulte sobre su Evento<\/span>\n\t\t\t\t\t<\/span>\n\t\t\t\t\t<\/a>\n\t\t\t\t\t\t\t\t<\/div>\n\t\t\t\t\t<\/div>\n\t\t\t\t<\/div>\n\t\t\t\t<div class=\"elementor-element elementor-element-a097d56 elementor-icon-list--layout-inline elementor-align-center elementor-widget__width-inherit elementor-list-item-link-full_width elementor-widget elementor-widget-icon-list\" data-id=\"a097d56\" data-element_type=\"widget\" data-e-type=\"widget\" data-widget_type=\"icon-list.default\">\n\t\t\t\t\t\t\t<ul class=\"elementor-icon-list-items elementor-inline-items\">\n\t\t\t\t\t\t\t<li class=\"elementor-icon-list-item elementor-inline-item\">\n\t\t\t\t\t\t\t\t\t\t\t<a href=\"tel:0034952822511\">\n\n\t\t\t\t\t\t\t\t\t\t\t\t<span class=\"elementor-icon-list-icon\">\n\t\t\t\t\t\t\t<svg aria-hidden=\"true\" class=\"e-font-icon-svg e-fas-phone\" viewBox=\"0 0 512 512\" xmlns=\"http:\/\/www.w3.org\/2000\/svg\"><path d=\"M493.4 24.6l-104-24c-11.3-2.6-22.9 3.3-27.5 13.9l-48 112c-4.2 9.8-1.4 21.3 6.9 28l60.6 49.6c-36 76.7-98.9 140.5-177.2 177.2l-49.6-60.6c-6.8-8.3-18.2-11.1-28-6.9l-112 48C3.9 366.5-2 378.1.6 389.4l24 104C27.1 504.2 36.7 512 48 512c256.1 0 464-207.5 464-464 0-11.2-7.7-20.9-18.6-23.4z\"><\/path><\/svg>\t\t\t\t\t\t<\/span>\n\t\t\t\t\t\t\t\t\t\t<span class=\"elementor-icon-list-text\">+34 952 82 25 11<\/span>\n\t\t\t\t\t\t\t\t\t\t\t<\/a>\n\t\t\t\t\t\t\t\t\t<\/li>\n\t\t\t\t\t\t\t\t<li class=\"elementor-icon-list-item elementor-inline-item\">\n\t\t\t\t\t\t\t\t\t\t\t<a href=\"mailto:info@morphorestaurant.com\">\n\n\t\t\t\t\t\t\t\t\t\t\t\t<span class=\"elementor-icon-list-icon\">\n\t\t\t\t\t\t\t<svg aria-hidden=\"true\" class=\"e-font-icon-svg e-far-envelope\" viewBox=\"0 0 512 512\" xmlns=\"http:\/\/www.w3.org\/2000\/svg\"><path d=\"M464 64H48C21.49 64 0 85.49 0 112v288c0 26.51 21.49 48 48 48h416c26.51 0 48-21.49 48-48V112c0-26.51-21.49-48-48-48zm0 48v40.805c-22.422 18.259-58.168 46.651-134.587 106.49-16.841 13.247-50.201 45.072-73.413 44.701-23.208.375-56.579-31.459-73.413-44.701C106.18 199.465 70.425 171.067 48 152.805V112h416zM48 400V214.398c22.914 18.251 55.409 43.862 104.938 82.646 21.857 17.205 60.134 55.186 103.062 54.955 42.717.231 80.509-37.199 103.053-54.947 49.528-38.783 82.032-64.401 104.947-82.653V400H48z\"><\/path><\/svg>\t\t\t\t\t\t<\/span>\n\t\t\t\t\t\t\t\t\t\t<span class=\"elementor-icon-list-text\">info@morphorestaurant.com<\/span>\n\t\t\t\t\t\t\t\t\t\t\t<\/a>\n\t\t\t\t\t\t\t\t\t<\/li>\n\t\t\t\t\t\t<\/ul>\n\t\t\t\t\t\t<\/div>\n\t\t\t\t<\/div>\n\t\t\t\t\t<\/div>\n\t\t\t\t<\/div>\n\t\t<div class=\"elementor-element elementor-element-ec2ebb1 e-con-full e-flex e-con e-parent\" data-id=\"ec2ebb1\" data-element_type=\"container\" data-e-type=\"container\">\n\t\t\t\t<\/div>\n\t\t\t\t<\/div>\n\t\t","protected":false},"excerpt":{"rendered":"<p>cenasprivadas en Marbella Cenas Privadas y Eventos Especiales Ya sea para celebrar un cumplea\u00f1os, un aniversario o una cena corporativa, MORPHO ofrece un entorno \u00edntimo y refinado para disfrutar de una cena privada en Marbella, adaptada a cada ocasi\u00f3n. Desplazarse hacia abajo Cenas privadas en Marbella en MORPHO REUNIONES \u00cdNTIMAS En MORPHO, la cena privada [&hellip;]<\/p>\n","protected":false},"author":1,"featured_media":1880,"parent":0,"menu_order":0,"comment_status":"closed","ping_status":"closed","template":"","meta":{"rs_blank_template":"","rs_page_bg_color":"","slide_template_v7":"","site-sidebar-layout":"no-sidebar","site-content-layout":"page-builder","ast-site-content-layout":"full-width-container","site-content-style":"unboxed","site-sidebar-style":"unboxed","ast-global-header-display":"","ast-banner-title-visibility":"","ast-main-header-display":"","ast-hfb-above-header-display":"","ast-hfb-below-header-display":"","ast-hfb-mobile-header-display":"","site-post-title":"disabled","ast-breadcrumbs-content":"","ast-featured-img":"disabled","footer-sml-layout":"","ast-disable-related-posts":"","theme-transparent-header-meta":"enabled","adv-header-id-meta":"","stick-header-meta":"","header-above-stick-meta":"","header-main-stick-meta":"","header-below-stick-meta":"","astra-migrate-meta-layouts":"default","ast-page-background-enabled":"default","ast-page-background-meta":{"desktop":{"background-color":"","background-image":"","background-repeat":"repeat","background-position":"center center","background-size":"auto","background-attachment":"scroll","background-type":"","background-media":"","overlay-type":"","overlay-color":"","overlay-opacity":"","overlay-gradient":""},"tablet":{"background-color":"","background-image":"","background-repeat":"repeat","background-position":"center center","background-size":"auto","background-attachment":"scroll","background-type":"","background-media":"","overlay-type":"","overlay-color":"","overlay-opacity":"","overlay-gradient":""},"mobile":{"background-color":"","background-image":"","background-repeat":"repeat","background-position":"center center","background-size":"auto","background-attachment":"scroll","background-type":"","background-media":"","overlay-type":"","overlay-color":"","overlay-opacity":"","overlay-gradient":""}},"ast-content-background-meta":{"desktop":{"background-color":"var(--ast-global-color-4)","background-image":"","background-repeat":"repeat","background-position":"center center","background-size":"auto","background-attachment":"scroll","background-type":"","background-media":"","overlay-type":"","overlay-color":"","overlay-opacity":"","overlay-gradient":""},"tablet":{"background-color":"var(--ast-global-color-4)","background-image":"","background-repeat":"repeat","background-position":"center center","background-size":"auto","background-attachment":"scroll","background-type":"","background-media":"","overlay-type":"","overlay-color":"","overlay-opacity":"","overlay-gradient":""},"mobile":{"background-color":"var(--ast-global-color-4)","background-image":"","background-repeat":"repeat","background-position":"center center","background-size":"auto","background-attachment":"scroll","background-type":"","background-media":"","overlay-type":"","overlay-color":"","overlay-opacity":"","overlay-gradient":""}},"_joinchat":[],"footnotes":""},"class_list":["post-1539","page","type-page","status-publish","has-post-thumbnail","hentry"],"_links":{"self":[{"href":"https:\/\/morphorestaurant.com\/es\/wp-json\/wp\/v2\/pages\/1539","targetHints":{"allow":["GET"]}}],"collection":[{"href":"https:\/\/morphorestaurant.com\/es\/wp-json\/wp\/v2\/pages"}],"about":[{"href":"https:\/\/morphorestaurant.com\/es\/wp-json\/wp\/v2\/types\/page"}],"author":[{"embeddable":true,"href":"https:\/\/morphorestaurant.com\/es\/wp-json\/wp\/v2\/users\/1"}],"replies":[{"embeddable":true,"href":"https:\/\/morphorestaurant.com\/es\/wp-json\/wp\/v2\/comments?post=1539"}],"version-history":[{"count":8,"href":"https:\/\/morphorestaurant.com\/es\/wp-json\/wp\/v2\/pages\/1539\/revisions"}],"predecessor-version":[{"id":1989,"href":"https:\/\/morphorestaurant.com\/es\/wp-json\/wp\/v2\/pages\/1539\/revisions\/1989"}],"wp:featuredmedia":[{"embeddable":true,"href":"https:\/\/morphorestaurant.com\/es\/wp-json\/wp\/v2\/media\/1880"}],"wp:attachment":[{"href":"https:\/\/morphorestaurant.com\/es\/wp-json\/wp\/v2\/media?parent=1539"}],"curies":[{"name":"wp","href":"https:\/\/api.w.org\/{rel}","templated":true}]}}