{"id":1827,"date":"2026-03-12T19:29:14","date_gmt":"2026-03-12T18:29:14","guid":{"rendered":"https:\/\/morphorestaurant.com\/politica-de-cookies\/"},"modified":"2026-03-12T19:44:56","modified_gmt":"2026-03-12T18:44:56","slug":"politica-de-cookies","status":"publish","type":"page","link":"https:\/\/morphorestaurant.com\/es\/politica-de-cookies\/","title":{"rendered":"Pol\u00edtica de cookies"},"content":{"rendered":"\n<h2 class=\"wp-block-heading\">\u00bfQu\u00e9 es una cookie?<\/h2>\n\n<p>Una cookie es un archivo que se descarga en su ordenador al acceder a determinadas p\u00e1ginas web. Las cookies permiten a un sitio web, entre otras cosas, almacenar y recuperar informaci\u00f3n sobre los h\u00e1bitos de navegaci\u00f3n de un usuario o de su dispositivo y, en funci\u00f3n de la informaci\u00f3n que contengan y de la forma en que utilice su dispositivo, pueden utilizarse para reconocer al usuario. <\/p>\n\n<hr class=\"wp-block-separator has-alpha-channel-opacity\"\/>\n\n<h1 class=\"wp-block-heading\">\u00bfQu\u00e9 tipos de cookies existen?<\/h1>\n\n<p>Existen varios tipos de cookies en funci\u00f3n de distintos criterios.<\/p>\n\n<h2 class=\"wp-block-heading\">Seg\u00fan el tiempo que permanezcan activadas<\/h2>\n\n<p><strong>Cookies de sesi\u00f3n<\/strong><br\/>Son un tipo de cookie dise\u00f1ada para recabar y almacenar datos mientras el usuario accede a un sitio web.<\/p>\n\n<p><strong>Cookies persistentes<\/strong><br\/>Son cookies en las que los datos permanecen almacenados en el dispositivo del usuario y pueden ser accedidos y tratados durante un periodo definido por el propietario de la cookie.<\/p>\n\n<hr class=\"wp-block-separator has-alpha-channel-opacity\"\/>\n\n<h2 class=\"wp-block-heading\">Seg\u00fan la titularidad<\/h2>\n\n<p><strong>Cookies propias<\/strong><br\/>Son cookies que pertenecen a <strong>MORPHOS ESSENCE SL<\/strong>.<\/p>\n\n<p><strong>Cookies de terceros<\/strong><br\/>Son cookies cuya titularidad corresponde a un tercero, distinto de <strong>MORPHOS ESSENCE SL<\/strong>, que trata la informaci\u00f3n recabada.<\/p>\n\n<hr class=\"wp-block-separator has-alpha-channel-opacity\"\/>\n\n<h2 class=\"wp-block-heading\">Seg\u00fan su finalidad<\/h2>\n\n<p><strong>Cookies t\u00e9cnicas y\/o de personalizaci\u00f3n<\/strong><br\/>Son cookies utilizadas para mejorar el servicio, identificar incidencias, reconocer al usuario, etc.<\/p>\n\n<p><strong>Cookies de an\u00e1lisis y\/o publicitarias<\/strong><br\/>Estas cookies analizan la informaci\u00f3n de navegaci\u00f3n y pueden mostrar publicidad, ya sea gen\u00e9rica o personalizada.<\/p>\n\n<hr class=\"wp-block-separator has-alpha-channel-opacity\"\/>\n\n<h1 class=\"wp-block-heading\">\u00bfQu\u00e9 tipos de cookies son las m\u00e1s habituales?<\/h1>\n\n<h3 class=\"wp-block-heading\">Cookies t\u00e9cnicas<\/h3>\n\n<p>Se trata de <strong>cookies propias<\/strong>, incluidas las de sesi\u00f3n, identificaci\u00f3n, configuraci\u00f3n y registro, que son estrictamente necesarias para identificar al usuario y prestar los servicios solicitados por el usuario.<\/p>\n\n<p>La informaci\u00f3n obtenida a trav\u00e9s de estas cookies es tratada \u00fanicamente por <strong>MORPHOS ESSENCE SL<\/strong>.<\/p>\n\n<h3 class=\"wp-block-heading\">Cookies de an\u00e1lisis<\/h3>\n\n<p>Estas cookies, ya sean tratadas por nosotros o por terceros, nos permiten cuantificar el n\u00famero de usuarios y realizar la medici\u00f3n y el an\u00e1lisis estad\u00edstico de c\u00f3mo interact\u00faan los usuarios con los servicios ofrecidos en el sitio web.<\/p>\n\n<p>Se analiza su comportamiento de navegaci\u00f3n con el fin de mejorar los servicios ofrecidos.<\/p>\n\n<h3 class=\"wp-block-heading\">Cookies publicitarias<\/h3>\n\n<p>Estas cookies permiten la gesti\u00f3n, de la forma m\u00e1s eficaz posible, de los espacios publicitarios que puedan incluirse en nuestro sitio web y\/o almacenar informaci\u00f3n sobre el comportamiento de los usuarios obtenida mediante la observaci\u00f3n continuada.<\/p>\n\n<p>Gracias a estas cookies, podemos conocer sus h\u00e1bitos de navegaci\u00f3n y mostrarle publicidad relacionada con su perfil de navegaci\u00f3n.<\/p>\n\n<hr class=\"wp-block-separator has-alpha-channel-opacity\"\/>\n\n<h1 class=\"wp-block-heading\">\u00bfPara qu\u00e9 se utiliza una cookie?<\/h1>\n\n<p>Las cookies se utilizan para:<\/p>\n\n<ul class=\"wp-block-list\">\n<li>Ofrecer servicios o publicidad personalizados<\/li>\n\n\n\n<li>Analizar el funcionamiento del sitio web<\/li>\n\n\n\n<li>Reconocer cuando un usuario inicia sesi\u00f3n<\/li>\n\n\n\n<li>Detectar incidencias y problemas t\u00e9cnicos<\/li>\n\n\n\n<li>Analizar y medir el uso y la actividad del sitio web<\/li>\n<\/ul>\n\n<hr class=\"wp-block-separator has-alpha-channel-opacity\"\/>\n\n<h1 class=\"wp-block-heading\">\u00bfSe requiere mi consentimiento para instalar cookies?<\/h1>\n\n<p>No se requiere el consentimiento para la instalaci\u00f3n de <strong>cookies t\u00e9cnicas<\/strong> o de aquellas estrictamente necesarias para la prestaci\u00f3n de un servicio de la sociedad de la informaci\u00f3n expresamente solicitado por el usuario.<\/p>\n\n<p>Para el resto de cookies, se requiere el consentimiento del usuario. En el caso de <strong>MORPHOS ESSENCE SL<\/strong>, se entender\u00e1 otorgado el consentimiento si el usuario contin\u00faa navegando por el sitio web, sin perjuicio de la posibilidad de revocar y deshabilitar las cookies en cualquier momento. <\/p>\n\n<hr class=\"wp-block-separator has-alpha-channel-opacity\"\/>\n\n<h1 class=\"wp-block-heading\">\u00bfQu\u00e9 tipos de cookies utiliza este sitio web?<\/h1>\n\n<h3 class=\"wp-block-heading\">Cookies t\u00e9cnicas<\/h3>\n\n<p>Estas cookies son creadas y gestionadas \u00fanicamente por <strong>MORPHOS ESSENCE SL<\/strong> y permiten a los usuarios navegar por el sitio web y utilizar sus diferentes funciones, como identificar la sesi\u00f3n, personalizar la informaci\u00f3n o acceder a \u00e1reas restringidas.<\/p>\n\n<h3 class=\"wp-block-heading\">Cookies de anal\u00edtica<\/h3>\n\n<p>Este sitio web puede utilizar <strong>Google Analytics<\/strong>, un servicio de anal\u00edtica web prestado por <strong>Google<\/strong>, que ayuda a los propietarios de sitios web a comprender c\u00f3mo interact\u00faan los usuarios con el sitio.<\/p>\n\n<p>Google Analytics utiliza cookies que recopilan informaci\u00f3n, incluida la direcci\u00f3n IP del usuario, que puede ser transmitida a Google y almacenada por Google en servidores.<\/p>\n\n<p>Para m\u00e1s informaci\u00f3n:<br\/><a href=\"https:\/\/developers.google.com\/analytics\/devguides\/collection\/analyticsjs\/cookie-usage\" target=\"_blank\" rel=\"noopener\">https:\/\/developers.google.com\/analytics\/devguides\/collection\/analyticsjs\/cookie-usage<\/a><\/p>\n\n<hr class=\"wp-block-separator has-alpha-channel-opacity\"\/>\n\n<h1 class=\"wp-block-heading\">Cookies utilizadas en este sitio web<\/h1>\n\n<figure class=\"wp-block-table\"><table class=\"has-fixed-layout\"><thead><tr><th>Nombre de la cookie<\/th><th>Finalidad<\/th><th>Caducidad<\/th><\/tr><\/thead><tbody><tr><td><strong>_ga<\/strong><\/td><td>Se utiliza para distinguir usuarios y sesiones en Google Analytics.<\/td><td>2 a\u00f1os<\/td><\/tr><tr><td><strong>_gat<\/strong><\/td><td>Se utiliza para limitar la tasa de solicitudes.<\/td><td>1 minuto<\/td><\/tr><tr><td><strong>_gid<\/strong><\/td><td>Se utiliza para distinguir usuarios.<\/td><td>24 horas<\/td><\/tr><tr><td><strong>PHPSESSID<\/strong><\/td><td>Controla la sesi\u00f3n del usuario y es necesaria para la navegaci\u00f3n por el sitio web.<\/td><td>Fin de la sesi\u00f3n<\/td><\/tr><\/tbody><\/table><\/figure>\n\n<hr class=\"wp-block-separator has-alpha-channel-opacity\"\/>\n\n<h1 class=\"wp-block-heading\">C\u00f3mo deshabilitar las cookies<\/h1>\n\n<p>Puede permitir, bloquear o eliminar las cookies instaladas en su dispositivo configurando las opciones de su navegador.<\/p>\n\n<p><strong>Firefox<\/strong><br\/><a href=\"https:\/\/support.mozilla.org\/es\/kb\/habilitar-y-deshabilitar-cookies-sitios-web-rastrear-preferencias\" target=\"_blank\" rel=\"noopener\">https:\/\/support.mozilla.org\/es\/kb\/habilitar-y-deshabilitar-cookies-sitios-web-rastrear-preferencias<\/a><\/p>\n\n<p><strong>Chrome<\/strong><br\/><a href=\"https:\/\/support.google.com\/chrome\/answer\/95647\" target=\"_blank\" rel=\"noopener\">https:\/\/support.google.com\/chrome\/answer\/95647<\/a><\/p>\n\n<p><strong>Internet Explorer<\/strong><br\/><a href=\"https:\/\/support.microsoft.com\/es-es\/products\/windows\" target=\"_blank\" rel=\"noopener\">https:\/\/support.microsoft.com\/es-es\/products\/windows<\/a><\/p>\n\n<p><strong>Safari<\/strong><br\/><a href=\"https:\/\/support.apple.com\/kb\/ph5042?locale=es_es\" target=\"_blank\" rel=\"noopener\">https:\/\/support.apple.com\/kb\/ph5042?locale=es_es<\/a><\/p>\n\n<p><strong>Safari para iOS<\/strong><br\/><a href=\"https:\/\/support.apple.com\/es-es\/ht201265\" target=\"_blank\" rel=\"noopener\">https:\/\/support.apple.com\/es-es\/ht201265<\/a><\/p>\n\n<p><strong>Opera<\/strong><br\/><a href=\"http:\/\/help.opera.com\/windows\/11.50\/es-es\/cookies.html\" target=\"_blank\" rel=\"noopener\">http:\/\/help.opera.com\/windows\/11.50\/es-es\/cookies.html<\/a><\/p>\n","protected":false},"excerpt":{"rendered":"<p>\u00bfQu\u00e9 es una cookie? Una cookie es un archivo que se descarga en su ordenador al acceder a determinadas p\u00e1ginas web. Las cookies permiten a un sitio web, entre otras cosas, almacenar y recuperar informaci\u00f3n sobre los h\u00e1bitos de navegaci\u00f3n de un usuario o de su dispositivo y, en funci\u00f3n de la informaci\u00f3n que contengan [&hellip;]<\/p>\n","protected":false},"author":1,"featured_media":0,"parent":0,"menu_order":0,"comment_status":"closed","ping_status":"closed","template":"","meta":{"rs_blank_template":"","rs_page_bg_color":"","slide_template_v7":"","site-sidebar-layout":"default","site-content-layout":"","ast-site-content-layout":"default","site-content-style":"default","site-sidebar-style":"default","ast-global-header-display":"","ast-banner-title-visibility":"","ast-main-header-display":"","ast-hfb-above-header-display":"","ast-hfb-below-header-display":"","ast-hfb-mobile-header-display":"","site-post-title":"","ast-breadcrumbs-content":"","ast-featured-img":"","footer-sml-layout":"","ast-disable-related-posts":"","theme-transparent-header-meta":"","adv-header-id-meta":"","stick-header-meta":"","header-above-stick-meta":"","header-main-stick-meta":"","header-below-stick-meta":"","astra-migrate-meta-layouts":"default","ast-page-background-enabled":"default","ast-page-background-meta":{"desktop":{"background-color":"","background-image":"","background-repeat":"repeat","background-position":"center center","background-size":"auto","background-attachment":"scroll","background-type":"","background-media":"","overlay-type":"","overlay-color":"","overlay-opacity":"","overlay-gradient":""},"tablet":{"background-color":"","background-image":"","background-repeat":"repeat","background-position":"center center","background-size":"auto","background-attachment":"scroll","background-type":"","background-media":"","overlay-type":"","overlay-color":"","overlay-opacity":"","overlay-gradient":""},"mobile":{"background-color":"","background-image":"","background-repeat":"repeat","background-position":"center center","background-size":"auto","background-attachment":"scroll","background-type":"","background-media":"","overlay-type":"","overlay-color":"","overlay-opacity":"","overlay-gradient":""}},"ast-content-background-meta":{"desktop":{"background-color":"var(--ast-global-color-4)","background-image":"","background-repeat":"repeat","background-position":"center center","background-size":"auto","background-attachment":"scroll","background-type":"","background-media":"","overlay-type":"","overlay-color":"","overlay-opacity":"","overlay-gradient":""},"tablet":{"background-color":"var(--ast-global-color-4)","background-image":"","background-repeat":"repeat","background-position":"center center","background-size":"auto","background-attachment":"scroll","background-type":"","background-media":"","overlay-type":"","overlay-color":"","overlay-opacity":"","overlay-gradient":""},"mobile":{"background-color":"var(--ast-global-color-4)","background-image":"","background-repeat":"repeat","background-position":"center center","background-size":"auto","background-attachment":"scroll","background-type":"","background-media":"","overlay-type":"","overlay-color":"","overlay-opacity":"","overlay-gradient":""}},"_joinchat":[],"footnotes":""},"class_list":["post-1827","page","type-page","status-publish","hentry"],"_links":{"self":[{"href":"https:\/\/morphorestaurant.com\/es\/wp-json\/wp\/v2\/pages\/1827","targetHints":{"allow":["GET"]}}],"collection":[{"href":"https:\/\/morphorestaurant.com\/es\/wp-json\/wp\/v2\/pages"}],"about":[{"href":"https:\/\/morphorestaurant.com\/es\/wp-json\/wp\/v2\/types\/page"}],"author":[{"embeddable":true,"href":"https:\/\/morphorestaurant.com\/es\/wp-json\/wp\/v2\/users\/1"}],"replies":[{"embeddable":true,"href":"https:\/\/morphorestaurant.com\/es\/wp-json\/wp\/v2\/comments?post=1827"}],"version-history":[{"count":1,"href":"https:\/\/morphorestaurant.com\/es\/wp-json\/wp\/v2\/pages\/1827\/revisions"}],"predecessor-version":[{"id":1828,"href":"https:\/\/morphorestaurant.com\/es\/wp-json\/wp\/v2\/pages\/1827\/revisions\/1828"}],"wp:attachment":[{"href":"https:\/\/morphorestaurant.com\/es\/wp-json\/wp\/v2\/media?parent=1827"}],"curies":[{"name":"wp","href":"https:\/\/api.w.org\/{rel}","templated":true}]}}