{"id":1837,"date":"2026-02-02T12:40:17","date_gmt":"2026-02-02T11:40:17","guid":{"rendered":"https:\/\/morphorestaurant.com\/politica-de-privacidad\/"},"modified":"2026-03-16T11:23:18","modified_gmt":"2026-03-16T10:23:18","slug":"politica-de-privacidad","status":"publish","type":"page","link":"https:\/\/morphorestaurant.com\/es\/politica-de-privacidad\/","title":{"rendered":"Pol\u00edtica de privacidad"},"content":{"rendered":"\n<h1 class=\"wp-block-heading\">Pol\u00edtica de privacidad<\/h1>\n\n<p>En MORPHOS ESSENCE SL (en adelante, \u00abMorpho Restaurant\u00bb) nos esforzamos por garantizar la privacidad en el tratamiento de tus datos personales.<\/p>\n\n<p>Hemos actualizado nuestra Pol\u00edtica de privacidad para ofrecer informaci\u00f3n clara sobre c\u00f3mo recopilamos, utilizamos y almacenamos los datos de las personas que se ponen en contacto con nuestra empresa.<\/p>\n\n<p>Esta pol\u00edtica explica:<\/p>\n\n<ul class=\"wp-block-list\">\n<li>Responsable del tratamiento<\/li>\n\n\n\n<li>Finalidades del tratamiento de datos<\/li>\n\n\n\n<li>Plazo de conservaci\u00f3n de los datos<\/li>\n\n\n\n<li>Fundamento jur\u00eddico para el tratamiento de datos<\/li>\n\n\n\n<li>Comunicaci\u00f3n de datos<\/li>\n\n\n\n<li>Transferencias internacionales de datos<\/li>\n\n\n\n<li>Sus derechos<\/li>\n\n\n\n<li>Recopilaci\u00f3n de sus datos<\/li>\n<\/ul>\n\n<hr class=\"wp-block-separator has-alpha-channel-opacity\"\/>\n\n<h1 class=\"wp-block-heading\">Responsable del tratamiento<\/h1>\n\n<p><strong>Nombre de la empresa:<\/strong><br\/>MORPHOS ESSENCE SL<\/p>\n\n<p><strong>Nombre comercial:<\/strong><br\/>Morpho Restaurant<\/p>\n\n<p><strong>NIF \/ VAT ID:<\/strong><br\/>B22967053<\/p>\n\n<p><strong>Direcci\u00f3n postal:<\/strong><br\/>C\/ Jacinto Benavente 33, PTA 3, ESC 8<br\/>29601 Marbella, M\u00e1laga, Spain<\/p>\n\n<p><strong>Tel\u00e9fono:<\/strong><br\/>+34 952 822 511<\/p>\n\n<p><strong>Correo electr\u00f3nico:<\/strong><br\/><a>info@morphorestaurant.com<\/a><\/p>\n\n<hr class=\"wp-block-separator has-alpha-channel-opacity\"\/>\n\n<h1 class=\"wp-block-heading\">\u00bfCon qu\u00e9 fines tratamos sus datos personales?<\/h1>\n\n<p>En el restaurante Morpho, los datos personales pueden tratarse con los siguientes fines, dependiendo del motivo por el que nos los hayas facilitado:<\/p>\n\n<ul class=\"wp-block-list\">\n<li>Para gestionar los datos facilitados directamente por el usuario con el fin de responder a consultas, solicitudes de contacto o reservas.<\/li>\n\n\n\n<li>Para gestionar las comunicaciones con los clientes y usuarios que se ponen en contacto con nosotros a trav\u00e9s de nuestra p\u00e1gina web, por correo electr\u00f3nico o por otros canales.<\/li>\n\n\n\n<li>Gestionar la prestaci\u00f3n de los servicios que ofrece el restaurante y mantener la relaci\u00f3n comercial con los clientes.<\/li>\n\n\n\n<li>Para enviar informaci\u00f3n sobre nuestros servicios, eventos, noticias o promociones que puedan ser de inter\u00e9s para nuestros clientes, siempre que se haya obtenido el consentimiento cuando as\u00ed lo exija la ley.<\/li>\n\n\n\n<li>Para mejorar nuestros servicios y la experiencia del usuario en nuestro sitio web.<\/li>\n<\/ul>\n\n<hr class=\"wp-block-separator has-alpha-channel-opacity\"\/>\n\n<h1 class=\"wp-block-heading\">\u00bfDurante cu\u00e1nto tiempo conservaremos sus datos?<\/h1>\n\n<p>Los datos personales se conservar\u00e1n durante el tiempo que sea necesario para cumplir con la finalidad para la que fueron recopilados.<\/p>\n\n<p>En concreto:<\/p>\n\n<ul class=\"wp-block-list\">\n<li>Los datos relacionados con las consultas de contacto se conservar\u00e1n durante el tiempo necesario para responder a la solicitud y durante el plazo exigido por las obligaciones legales aplicables.<\/li>\n\n\n\n<li>Los datos relacionados con la relaci\u00f3n comercial con los clientes se conservar\u00e1n mientras dicha relaci\u00f3n permanezca activa y, posteriormente, durante el tiempo que exijan las normas fiscales y contables.<\/li>\n\n\n\n<li>Los datos utilizados para el env\u00edo de comunicaciones comerciales se conservar\u00e1n hasta que el usuario solicite su supresi\u00f3n o revoque su consentimiento.<\/li>\n<\/ul>\n\n<hr class=\"wp-block-separator has-alpha-channel-opacity\"\/>\n\n<h1 class=\"wp-block-heading\">\u00bfCu\u00e1l es la base legal para el tratamiento de sus datos?<\/h1>\n\n<p>Los fundamentos jur\u00eddicos para el tratamiento de sus datos pueden incluir:<\/p>\n\n<ul class=\"wp-block-list\">\n<li>El <strong>cumplimiento de un contrato o la prestaci\u00f3n de los servicios<\/strong> solicitados por el usuario.<\/li>\n\n\n\n<li>El <strong>consentimiento del usuario<\/strong>, por ejemplo, al suscribirse a nuestras comunicaciones o al ponerse en contacto con nosotros a trav\u00e9s de los formularios.<\/li>\n\n\n\n<li>El <strong>inter\u00e9s leg\u00edtimo<\/strong> de MORPHOS ESSENCE SL en mantener la comunicaci\u00f3n con los clientes y mejorar los servicios que ofrece.<\/li>\n<\/ul>\n\n<p>Los usuarios tienen derecho a oponerse en cualquier momento al tratamiento de sus datos con fines de comunicaciones comerciales.<\/p>\n\n<hr class=\"wp-block-separator has-alpha-channel-opacity\"\/>\n\n<h1 class=\"wp-block-heading\">\u00bfA qu\u00e9 destinatarios se comunicar\u00e1n sus datos?<\/h1>\n\n<p>Los datos personales no se ceder\u00e1n a terceros, salvo cuando sea necesario para:<\/p>\n\n<ul class=\"wp-block-list\">\n<li>Cumplimiento de las obligaciones legales.<\/li>\n\n\n\n<li>Proveedores de servicios que prestan apoyo al funcionamiento del sitio web o a la actividad empresarial (por ejemplo, proveedores de alojamiento web o de servicios inform\u00e1ticos), sujetos a acuerdos de confidencialidad.<\/li>\n\n\n\n<li>Entidades financieras encargadas de la gesti\u00f3n de los pagos, cuando proceda.<\/li>\n<\/ul>\n\n<hr class=\"wp-block-separator has-alpha-channel-opacity\"\/>\n\n<h1 class=\"wp-block-heading\">Transferencias de datos a terceros pa\u00edses<\/h1>\n\n<p>Por regla general, <strong>no se realizan transferencias internacionales de datos.<\/strong><\/p>\n\n<p>No obstante, en caso de que se utilicen servicios como herramientas de an\u00e1lisis proporcionadas por empresas ubicadas fuera del Espacio Econ\u00f3mico Europeo, dichas transferencias se ajustar\u00e1n a las garant\u00edas establecidas por el <strong>Reglamento General de Protecci\u00f3n de Datos (RGPD).<\/strong><\/p>\n\n<hr class=\"wp-block-separator has-alpha-channel-opacity\"\/>\n\n<h1 class=\"wp-block-heading\">\u00bfCu\u00e1les son sus derechos cuando nos facilitas sus datos?<\/h1>\n\n<p>Cualquier persona tiene derecho a obtener confirmaci\u00f3n sobre si <strong>MORPHOS ESSENCE SL<\/strong> est\u00e1 tratando datos personales que le conciernen.<\/p>\n\n<p>Tienes derecho a:<\/p>\n\n<ul class=\"wp-block-list\">\n<li>Accede a sus datos personales<\/li>\n\n\n\n<li>Solicitar la rectificaci\u00f3n de datos inexactos<\/li>\n\n\n\n<li>Solicita la supresi\u00f3n de sus datos cuando ya no sean necesarios<\/li>\n\n\n\n<li>Solicitar la limitaci\u00f3n del tratamiento en determinadas circunstancias<\/li>\n\n\n\n<li>Solicita la portabilidad de sus datos<\/li>\n\n\n\n<li>Oponerse al tratamiento de sus datos para fines espec\u00edficos<\/li>\n<\/ul>\n\n<p>Puede ejercer sus derechos poni\u00e9ndose en contacto con nosotros:<\/p>\n\n<p><strong>Por correo electr\u00f3nico:<\/strong><br\/><a>info@morphorestaurant.com<\/a><\/p>\n\n<p><strong>Por correo:<\/strong><br\/>C\/ Jacinto Benavente 33, PTA 3, ESC 8<br\/>29601 Marbella, M\u00e1laga, Spain<\/p>\n\n<p>Es posible que se le pida que facilite una copia de su documento de identidad para verificar su identidad.<\/p>\n\n<p>Si considera que se han vulnerado sus derechos en materia de protecci\u00f3n de datos personales, puede presentar una reclamaci\u00f3n ante la autoridad de control competente:<\/p>\n\n<p><strong>Agencia Espa\u00f1ola de Protecci\u00f3n de Datos (AEPD):<\/strong><br\/><a href=\"https:\/\/www.aepd.es\" target=\"_blank\" rel=\"noopener\">https:\/\/www.aepd.es<\/a><\/p>\n\n<hr class=\"wp-block-separator has-alpha-channel-opacity\"\/>\n\n<h1 class=\"wp-block-heading\">\u00bfC\u00f3mo hemos obtenido sus datos?<\/h1>\n\n<p>Los datos personales que trata <strong>Morpho Restaurant <\/strong>proceden directamente de los propios usuarios cuando estos:<\/p>\n\n<ul class=\"wp-block-list\">\n<li>P\u00f3ngase en contacto con nosotros a trav\u00e9s de los formularios del sitio web<\/li>\n\n\n\n<li>Env\u00edanos un correo electr\u00f3nico<\/li>\n\n\n\n<li>Hacer reservas o consultas<\/li>\n\n\n\n<li>Interact\u00faa con nuestros servicios<\/li>\n<\/ul>\n\n<p>Los usuarios son responsables de que los datos que facilitan sean exactos y est\u00e9n actualizados.<\/p>\n","protected":false},"excerpt":{"rendered":"<p>Pol\u00edtica de privacidad En MORPHOS ESSENCE SL (en adelante, \u00abMorpho Restaurant\u00bb) nos esforzamos por garantizar la privacidad en el tratamiento de tus datos personales. Hemos actualizado nuestra Pol\u00edtica de privacidad para ofrecer informaci\u00f3n clara sobre c\u00f3mo recopilamos, utilizamos y almacenamos los datos de las personas que se ponen en contacto con nuestra empresa. Esta pol\u00edtica [&hellip;]<\/p>\n","protected":false},"author":1,"featured_media":0,"parent":0,"menu_order":0,"comment_status":"closed","ping_status":"closed","template":"","meta":{"rs_blank_template":"","rs_page_bg_color":"","slide_template_v7":"","site-sidebar-layout":"default","site-content-layout":"","ast-site-content-layout":"default","site-content-style":"default","site-sidebar-style":"default","ast-global-header-display":"","ast-banner-title-visibility":"","ast-main-header-display":"","ast-hfb-above-header-display":"","ast-hfb-below-header-display":"","ast-hfb-mobile-header-display":"","site-post-title":"","ast-breadcrumbs-content":"","ast-featured-img":"","footer-sml-layout":"","ast-disable-related-posts":"","theme-transparent-header-meta":"","adv-header-id-meta":"","stick-header-meta":"","header-above-stick-meta":"","header-main-stick-meta":"","header-below-stick-meta":"","astra-migrate-meta-layouts":"default","ast-page-background-enabled":"default","ast-page-background-meta":{"desktop":{"background-color":"","background-image":"","background-repeat":"repeat","background-position":"center center","background-size":"auto","background-attachment":"scroll","background-type":"","background-media":"","overlay-type":"","overlay-color":"","overlay-opacity":"","overlay-gradient":""},"tablet":{"background-color":"","background-image":"","background-repeat":"repeat","background-position":"center center","background-size":"auto","background-attachment":"scroll","background-type":"","background-media":"","overlay-type":"","overlay-color":"","overlay-opacity":"","overlay-gradient":""},"mobile":{"background-color":"","background-image":"","background-repeat":"repeat","background-position":"center center","background-size":"auto","background-attachment":"scroll","background-type":"","background-media":"","overlay-type":"","overlay-color":"","overlay-opacity":"","overlay-gradient":""}},"ast-content-background-meta":{"desktop":{"background-color":"var(--ast-global-color-4)","background-image":"","background-repeat":"repeat","background-position":"center center","background-size":"auto","background-attachment":"scroll","background-type":"","background-media":"","overlay-type":"","overlay-color":"","overlay-opacity":"","overlay-gradient":""},"tablet":{"background-color":"var(--ast-global-color-4)","background-image":"","background-repeat":"repeat","background-position":"center center","background-size":"auto","background-attachment":"scroll","background-type":"","background-media":"","overlay-type":"","overlay-color":"","overlay-opacity":"","overlay-gradient":""},"mobile":{"background-color":"var(--ast-global-color-4)","background-image":"","background-repeat":"repeat","background-position":"center center","background-size":"auto","background-attachment":"scroll","background-type":"","background-media":"","overlay-type":"","overlay-color":"","overlay-opacity":"","overlay-gradient":""}},"_joinchat":[],"footnotes":""},"class_list":["post-1837","page","type-page","status-publish","hentry"],"_links":{"self":[{"href":"https:\/\/morphorestaurant.com\/es\/wp-json\/wp\/v2\/pages\/1837","targetHints":{"allow":["GET"]}}],"collection":[{"href":"https:\/\/morphorestaurant.com\/es\/wp-json\/wp\/v2\/pages"}],"about":[{"href":"https:\/\/morphorestaurant.com\/es\/wp-json\/wp\/v2\/types\/page"}],"author":[{"embeddable":true,"href":"https:\/\/morphorestaurant.com\/es\/wp-json\/wp\/v2\/users\/1"}],"replies":[{"embeddable":true,"href":"https:\/\/morphorestaurant.com\/es\/wp-json\/wp\/v2\/comments?post=1837"}],"version-history":[{"count":6,"href":"https:\/\/morphorestaurant.com\/es\/wp-json\/wp\/v2\/pages\/1837\/revisions"}],"predecessor-version":[{"id":1847,"href":"https:\/\/morphorestaurant.com\/es\/wp-json\/wp\/v2\/pages\/1837\/revisions\/1847"}],"wp:attachment":[{"href":"https:\/\/morphorestaurant.com\/es\/wp-json\/wp\/v2\/media?parent=1837"}],"curies":[{"name":"wp","href":"https:\/\/api.w.org\/{rel}","templated":true}]}}